{"id":37,"date":"2022-09-06T22:25:36","date_gmt":"2022-09-06T22:25:36","guid":{"rendered":"https:\/\/diegostaino.com.ar\/theraven\/home\/"},"modified":"2023-07-25T16:09:35","modified_gmt":"2023-07-25T16:09:35","slug":"home","status":"publish","type":"page","link":"https:\/\/theravenblog.com.ar\/theraven\/","title":{"rendered":"Inicio"},"content":{"rendered":"\n\n\n<h6><strong>\u00a1Recorre el fascinante mundo de la literatura conmigo!&nbsp;<\/strong><\/h6>\n\n<p><span id=\"docs-internal-guid-2aba3ca0-7fff-6e45-56dc-59dc2c1b4b32\"><\/span><\/p><p dir=\"ltr\" style=\"line-height:1.38;margin-top:0pt;margin-bottom:0pt;\"><span style=\"font-size:11pt;font-family:Arial;color:#000000;background-color:transparent;font-weight:400;font-style:normal;font-variant:normal;text-decoration:none;vertical-align:baseline;white-space:pre;white-space:pre-wrap;\">Una nueva <\/span><span style=\"font-size: 11pt; font-family: Arial; color: rgb(0, 0, 0); background-color: transparent; font-style: normal; font-variant: normal; text-decoration: none; vertical-align: baseline; white-space: pre-wrap;\"><strong>rese\u00f1a <\/strong><\/span><span style=\"font-size:11pt;font-family:Arial;color:#000000;background-color:transparent;font-weight:400;font-style:normal;font-variant:normal;text-decoration:none;vertical-align:baseline;white-space:pre;white-space:pre-wrap;\">y <\/span><span style=\"font-size: 11pt; font-family: Arial; color: rgb(0, 0, 0); background-color: transparent; font-style: normal; font-variant: normal; text-decoration: none; vertical-align: baseline; white-space: pre-wrap;\"><strong>art\u00edculos <\/strong><\/span><span style=\"font-size: 11pt; font-family: Arial; color: rgb(0, 0, 0); background-color: transparent; font-style: normal; font-variant: normal; text-decoration: none; vertical-align: baseline; white-space: pre-wrap;\"><strong>novedosos <\/strong><\/span><span style=\"font-size:11pt;font-family:Arial;color:#000000;background-color:transparent;font-weight:400;font-style:normal;font-variant:normal;text-decoration:none;vertical-align:baseline;white-space:pre;white-space:pre-wrap;\">cada mes.<\/span><\/p>\n<p>Acompa\u00f1ame en un <strong>viaje emocionante<\/strong> a trav\u00e9s de las p\u00e1ginas de los libros m\u00e1s cautivadores.&nbsp;Descubrir\u00e1s nuevos autores, g\u00e9neros literarios y temas interesantes que te har\u00e1n enamorarte de la lectura.&nbsp;<\/p>\n<p><strong><\/strong>\u00a1Te espero para empezar esta <strong>aventura literaria<\/strong> juntos!<\/p>\n\n\n\n\n\n\n\n\n\n<h2 id='sobremi' style=\"text-decoration-style: initial;\">sOBRE mI<\/h2>\n\n\n\n<h3><em>Un viaje literario&#8230;<\/em><\/h3>\n\n<p><span id=\"docs-internal-guid-f1e06974-7fff-3652-acc5-4c80c01aae4e\"><\/span><\/p><p dir=\"ltr\" style=\"line-height:1.38;text-align: justify;margin-top:0pt;margin-bottom:0pt;\"><span style=\"font-size:11pt;font-family:Arial;color:#000000;background-color:transparent;font-weight:400;font-style:normal;font-variant:normal;text-decoration:none;vertical-align:baseline;white-space:pre;white-space:pre-wrap;\">Soy Diana Rodriguez, Redactora, amante de la <\/span><span style=\"font-size:11pt;font-family:Arial;color:#000000;background-color:transparent;font-weight:700;font-style:normal;font-variant:normal;text-decoration:none;vertical-align:baseline;white-space:pre;white-space:pre-wrap;\">Literatura<\/span><span style=\"font-size:11pt;font-family:Arial;color:#000000;background-color:transparent;font-weight:400;font-style:normal;font-variant:normal;text-decoration:none;vertical-align:baseline;white-space:pre;white-space:pre-wrap;\"> y de los viajes.<\/span><\/p>\n<p><span id=\"docs-internal-guid-05a3eff8-7fff-4c7c-ed87-7ef951fe0647\"><\/span><\/p><p dir=\"ltr\" style=\"line-height:1.38;text-align: justify;margin-top:0pt;margin-bottom:0pt;\"><span style=\"font-size:11pt;font-family:Arial;color:#000000;background-color:transparent;font-weight:400;font-style:normal;font-variant:normal;text-decoration:none;vertical-align:baseline;white-space:pre;white-space:pre-wrap;\">Toda mi vida, la Literatura fue como encontrarme con <\/span><span style=\"font-size:11pt;font-family:Arial;color:#000000;background-color:transparent;font-weight:700;font-style:normal;font-variant:normal;text-decoration:none;vertical-align:baseline;white-space:pre;white-space:pre-wrap;\">un viejo amigo<\/span><span style=\"font-size:11pt;font-family:Arial;color:#000000;background-color:transparent;font-weight:400;font-style:normal;font-variant:normal;text-decoration:none;vertical-align:baseline;white-space:pre;white-space:pre-wrap;\">. Ese lugar donde uno est\u00e1<\/span><span style=\"font-size:11pt;font-family:Arial;color:#000000;background-color:transparent;font-weight:700;font-style:normal;font-variant:normal;text-decoration:none;vertical-align:baseline;white-space:pre;white-space:pre-wrap;\"> a gusto y bien acompa\u00f1ado<\/span><span style=\"font-size:11pt;font-family:Arial;color:#000000;background-color:transparent;font-weight:400;font-style:normal;font-variant:normal;text-decoration:none;vertical-align:baseline;white-space:pre;white-space:pre-wrap;\">.&nbsp;<\/span><span style=\"font-size: 11pt; font-family: Arial; font-variant-numeric: normal; font-variant-east-asian: normal; font-variant-alternates: normal; text-decoration-style: initial; vertical-align: baseline; white-space: pre-wrap;\">Siempre me gust\u00f3 estar en un sill\u00f3n c\u00f3modo, con mi gato, un buen t\u00e9 y conectarme con una historia nueva que me hiciera <\/span><span style=\"font-size: 11pt; font-family: Arial; font-weight: 700; font-variant-numeric: normal; font-variant-east-asian: normal; font-variant-alternates: normal; text-decoration-style: initial; vertical-align: baseline; white-space: pre-wrap;\">vibrar con sus emociones o reflexionar con sus ideas<\/span><span style=\"font-size: 11pt; font-family: Arial; font-variant-numeric: normal; font-variant-east-asian: normal; font-variant-alternates: normal; text-decoration-style: initial; vertical-align: baseline; white-space: pre-wrap;\">.<\/span><\/p>\n<p><span id=\"docs-internal-guid-45258aae-7fff-818d-310b-6a820424d6dd\"><\/span><\/p><p dir=\"ltr\" style=\"line-height:1.38;text-align: justify;margin-top:0pt;margin-bottom:0pt;\"><span id=\"docs-internal-guid-bc321198-7fff-aa3e-a7d7-4528313bf2d8\"><\/span><\/p><p dir=\"ltr\" style=\"line-height:1.38;text-align: justify;margin-top:0pt;margin-bottom:0pt;\"><span style=\"font-size:11pt;font-family:Arial;color:#000000;background-color:transparent;font-weight:400;font-style:normal;font-variant:normal;text-decoration:none;vertical-align:baseline;white-space:pre;white-space:pre-wrap;\">Pero muchas veces es dif\u00edcil saber qu\u00e9 leer o poder conectarnos con esa obra elegida y disfrutarla al 100%.&nbsp;<\/span><span style=\"font-size: 11pt; font-family: Arial; font-variant-numeric: normal; font-variant-east-asian: normal; font-variant-alternates: normal; text-decoration-style: initial; vertical-align: baseline; white-space: pre-wrap;\">Por eso, hoy quiero compartirte mis <\/span><span style=\"font-size: 11pt; font-family: Arial; font-weight: 700; font-variant-numeric: normal; font-variant-east-asian: normal; font-variant-alternates: normal; text-decoration-style: initial; vertical-align: baseline; white-space: pre-wrap;\">secretos literarios<\/span><span style=\"font-size: 11pt; font-family: Arial; font-variant-numeric: normal; font-variant-east-asian: normal; font-variant-alternates: normal; text-decoration-style: initial; vertical-align: baseline; white-space: pre-wrap;\"> para que puedas conectarte con la Literatura desde un <\/span><span style=\"font-size: 11pt; font-family: Arial; font-weight: 700; font-variant-numeric: normal; font-variant-east-asian: normal; font-variant-alternates: normal; text-decoration-style: initial; vertical-align: baseline; white-space: pre-wrap;\">lugar cercano y de disfrute.<\/span><\/p>\n<p><span id=\"docs-internal-guid-183fd33e-7fff-d94b-2dec-e4e868fb1a6c\"><\/span><\/p><p dir=\"ltr\" style=\"line-height:1.38;text-align: justify;margin-top:0pt;margin-bottom:0pt;\"><span style=\"font-size:11pt;font-family:Arial;color:#000000;background-color:transparent;font-weight:400;font-style:normal;font-variant:normal;text-decoration:none;vertical-align:baseline;white-space:pre;white-space:pre-wrap;\">\u00a1Bienvenido y espero que te sumes a esta comunidad de curiosos!<\/span><\/p>\n\n\n\n\n\n\n<p>Desde 1991<\/p>\n\n\n\n\n\n\n<h2>Contactame<\/h2>\n\n\n\n\n\n\n\n\n\n\n\n\n\n","protected":false},"excerpt":{"rendered":"","protected":false},"author":0,"featured_media":0,"parent":0,"menu_order":0,"comment_status":"closed","ping_status":"closed","template":"","meta":{"pagelayer_contact_templates":[],"_pagelayer_content":"","footnotes":""},"class_list":["post-37","page","type-page","status-publish","hentry"],"yoast_head":"<!-- This site is optimized with the Yoast SEO plugin v25.6 - https:\/\/yoast.com\/wordpress\/plugins\/seo\/ -->\n<title>Inicio - The Raven Blog<\/title>\n<meta name=\"robots\" content=\"index, follow, max-snippet:-1, max-image-preview:large, max-video-preview:-1\" \/>\n<link rel=\"canonical\" href=\"https:\/\/theravenblog.com.ar\/theraven\/\" \/>\n<meta property=\"og:locale\" content=\"es_ES\" \/>\n<meta property=\"og:type\" content=\"article\" \/>\n<meta property=\"og:title\" content=\"Inicio - The Raven Blog\" \/>\n<meta property=\"og:url\" content=\"https:\/\/theravenblog.com.ar\/theraven\/\" \/>\n<meta property=\"og:site_name\" content=\"The Raven Blog\" \/>\n<meta property=\"article:modified_time\" content=\"2023-07-25T16:09:35+00:00\" \/>\n<script type=\"application\/ld+json\" class=\"yoast-schema-graph\">{\"@context\":\"https:\/\/schema.org\",\"@graph\":[{\"@type\":\"WebPage\",\"@id\":\"https:\/\/theravenblog.com.ar\/theraven\/\",\"url\":\"https:\/\/theravenblog.com.ar\/theraven\/\",\"name\":\"Inicio - The Raven Blog\",\"isPartOf\":{\"@id\":\"https:\/\/theravenblog.com.ar\/theraven\/#website\"},\"datePublished\":\"2022-09-06T22:25:36+00:00\",\"dateModified\":\"2023-07-25T16:09:35+00:00\",\"breadcrumb\":{\"@id\":\"https:\/\/theravenblog.com.ar\/theraven\/#breadcrumb\"},\"inLanguage\":\"es\",\"potentialAction\":[{\"@type\":\"ReadAction\",\"target\":[\"https:\/\/theravenblog.com.ar\/theraven\/\"]}]},{\"@type\":\"BreadcrumbList\",\"@id\":\"https:\/\/theravenblog.com.ar\/theraven\/#breadcrumb\",\"itemListElement\":[{\"@type\":\"ListItem\",\"position\":1,\"name\":\"Portada\",\"item\":\"https:\/\/theravenblog.com.ar\/theraven\/\"},{\"@type\":\"ListItem\",\"position\":2,\"name\":\"Inicio\"}]},{\"@type\":\"WebSite\",\"@id\":\"https:\/\/theravenblog.com.ar\/theraven\/#website\",\"url\":\"https:\/\/theravenblog.com.ar\/theraven\/\",\"name\":\"The Raven Blog\",\"description\":\"Un blog para compartir\",\"publisher\":{\"@id\":\"https:\/\/theravenblog.com.ar\/theraven\/#\/schema\/person\/0af2ee2f87c529a31d7b290e0b9a4fe8\"},\"potentialAction\":[{\"@type\":\"SearchAction\",\"target\":{\"@type\":\"EntryPoint\",\"urlTemplate\":\"https:\/\/theravenblog.com.ar\/theraven\/?s={search_term_string}\"},\"query-input\":{\"@type\":\"PropertyValueSpecification\",\"valueRequired\":true,\"valueName\":\"search_term_string\"}}],\"inLanguage\":\"es\"},{\"@type\":[\"Person\",\"Organization\"],\"@id\":\"https:\/\/theravenblog.com.ar\/theraven\/#\/schema\/person\/0af2ee2f87c529a31d7b290e0b9a4fe8\",\"name\":\"Diana Rodriguez\",\"image\":{\"@type\":\"ImageObject\",\"inLanguage\":\"es\",\"@id\":\"https:\/\/theravenblog.com.ar\/theraven\/#\/schema\/person\/image\/\",\"url\":\"https:\/\/theravenblog.com.ar\/theraven\/wp-content\/uploads\/2022\/09\/logo-1.png\",\"contentUrl\":\"https:\/\/theravenblog.com.ar\/theraven\/wp-content\/uploads\/2022\/09\/logo-1.png\",\"width\":472,\"height\":131,\"caption\":\"Diana Rodriguez\"},\"logo\":{\"@id\":\"https:\/\/theravenblog.com.ar\/theraven\/#\/schema\/person\/image\/\"}}]}<\/script>\n<!-- \/ Yoast SEO plugin. -->","yoast_head_json":{"title":"Inicio - The Raven Blog","robots":{"index":"index","follow":"follow","max-snippet":"max-snippet:-1","max-image-preview":"max-image-preview:large","max-video-preview":"max-video-preview:-1"},"canonical":"https:\/\/theravenblog.com.ar\/theraven\/","og_locale":"es_ES","og_type":"article","og_title":"Inicio - The Raven Blog","og_url":"https:\/\/theravenblog.com.ar\/theraven\/","og_site_name":"The Raven Blog","article_modified_time":"2023-07-25T16:09:35+00:00","schema":{"@context":"https:\/\/schema.org","@graph":[{"@type":"WebPage","@id":"https:\/\/theravenblog.com.ar\/theraven\/","url":"https:\/\/theravenblog.com.ar\/theraven\/","name":"Inicio - The Raven Blog","isPartOf":{"@id":"https:\/\/theravenblog.com.ar\/theraven\/#website"},"datePublished":"2022-09-06T22:25:36+00:00","dateModified":"2023-07-25T16:09:35+00:00","breadcrumb":{"@id":"https:\/\/theravenblog.com.ar\/theraven\/#breadcrumb"},"inLanguage":"es","potentialAction":[{"@type":"ReadAction","target":["https:\/\/theravenblog.com.ar\/theraven\/"]}]},{"@type":"BreadcrumbList","@id":"https:\/\/theravenblog.com.ar\/theraven\/#breadcrumb","itemListElement":[{"@type":"ListItem","position":1,"name":"Portada","item":"https:\/\/theravenblog.com.ar\/theraven\/"},{"@type":"ListItem","position":2,"name":"Inicio"}]},{"@type":"WebSite","@id":"https:\/\/theravenblog.com.ar\/theraven\/#website","url":"https:\/\/theravenblog.com.ar\/theraven\/","name":"The Raven Blog","description":"Un blog para compartir","publisher":{"@id":"https:\/\/theravenblog.com.ar\/theraven\/#\/schema\/person\/0af2ee2f87c529a31d7b290e0b9a4fe8"},"potentialAction":[{"@type":"SearchAction","target":{"@type":"EntryPoint","urlTemplate":"https:\/\/theravenblog.com.ar\/theraven\/?s={search_term_string}"},"query-input":{"@type":"PropertyValueSpecification","valueRequired":true,"valueName":"search_term_string"}}],"inLanguage":"es"},{"@type":["Person","Organization"],"@id":"https:\/\/theravenblog.com.ar\/theraven\/#\/schema\/person\/0af2ee2f87c529a31d7b290e0b9a4fe8","name":"Diana Rodriguez","image":{"@type":"ImageObject","inLanguage":"es","@id":"https:\/\/theravenblog.com.ar\/theraven\/#\/schema\/person\/image\/","url":"https:\/\/theravenblog.com.ar\/theraven\/wp-content\/uploads\/2022\/09\/logo-1.png","contentUrl":"https:\/\/theravenblog.com.ar\/theraven\/wp-content\/uploads\/2022\/09\/logo-1.png","width":472,"height":131,"caption":"Diana Rodriguez"},"logo":{"@id":"https:\/\/theravenblog.com.ar\/theraven\/#\/schema\/person\/image\/"}}]}},"_links":{"self":[{"href":"https:\/\/theravenblog.com.ar\/theraven\/wp-json\/wp\/v2\/pages\/37","targetHints":{"allow":["GET"]}}],"collection":[{"href":"https:\/\/theravenblog.com.ar\/theraven\/wp-json\/wp\/v2\/pages"}],"about":[{"href":"https:\/\/theravenblog.com.ar\/theraven\/wp-json\/wp\/v2\/types\/page"}],"replies":[{"embeddable":true,"href":"https:\/\/theravenblog.com.ar\/theraven\/wp-json\/wp\/v2\/comments?post=37"}],"version-history":[{"count":45,"href":"https:\/\/theravenblog.com.ar\/theraven\/wp-json\/wp\/v2\/pages\/37\/revisions"}],"predecessor-version":[{"id":253,"href":"https:\/\/theravenblog.com.ar\/theraven\/wp-json\/wp\/v2\/pages\/37\/revisions\/253"}],"wp:attachment":[{"href":"https:\/\/theravenblog.com.ar\/theraven\/wp-json\/wp\/v2\/media?parent=37"}],"curies":[{"name":"wp","href":"https:\/\/api.w.org\/{rel}","templated":true}]}}